{"id":99,"date":"2023-07-17T16:56:37","date_gmt":"2023-07-17T16:56:37","guid":{"rendered":"https:\/\/gifted-swartz.44-199-48-99.plesk.page\/?page_id=99"},"modified":"2025-05-04T21:57:44","modified_gmt":"2025-05-05T01:57:44","slug":"how-to-know-jesus","status":"publish","type":"page","link":"https:\/\/contact.tv\/index.php\/how-to-know-jesus\/","title":{"rendered":"How To Know Jesus"},"content":{"rendered":"<p>[et_pb_section fb_built=&#8221;1&#8243; _builder_version=&#8221;4.27.4&#8243; _module_preset=&#8221;default&#8221; global_colors_info=&#8221;{}&#8221;][et_pb_row column_structure=&#8221;1_2,1_2&#8243; _builder_version=&#8221;4.27.4&#8243; _module_preset=&#8221;default&#8221; global_colors_info=&#8221;{}&#8221;][et_pb_column type=&#8221;1_2&#8243; _builder_version=&#8221;4.27.4&#8243; _module_preset=&#8221;default&#8221; global_colors_info=&#8221;{}&#8221;][et_pb_heading title=&#8221;THE PRAYER OF SALVATION&#8221; _builder_version=&#8221;4.27.4&#8243; _module_preset=&#8221;default&#8221; global_colors_info=&#8221;{}&#8221;][\/et_pb_heading][et_pb_text _builder_version=&#8221;4.27.4&#8243; _module_preset=&#8221;default&#8221; global_colors_info=&#8221;{}&#8221;]<\/p>\n<h3 style=\"box-sizing: border-box; margin: 0px; padding: 0px 0px 10px; border: 0px; outline: 0px; font-size: 17px; text-size-adjust: 100%; vertical-align: baseline; background: #ffffff; color: #333333; line-height: 1.7em; font-weight: bold; font-style: normal; text-transform: none; text-decoration: none; font-family: Montserrat, Helvetica, Arial, Lucida, sans-serif; font-variant-ligatures: normal; font-variant-caps: normal; letter-spacing: normal; orphans: 2; text-align: left; text-indent: 0px; widows: 2; word-spacing: 0px; -webkit-text-stroke-width: 0px; white-space: normal;\">Have you invited the Lord into your heart? If not, are you ready to do it today?<\/h3>\n<h3 style=\"box-sizing: border-box; margin: 0px; padding: 0px 0px 10px; border: 0px; outline: 0px; font-size: 17px; text-size-adjust: 100%; vertical-align: baseline; background: #ffffff; color: #333333; line-height: 1.7em; font-weight: bold; font-style: normal; text-transform: none; text-decoration: none; font-family: Montserrat, Helvetica, Arial, Lucida, sans-serif; font-variant-ligatures: normal; font-variant-caps: normal; letter-spacing: normal; orphans: 2; text-align: left; text-indent: 0px; widows: 2; word-spacing: 0px; -webkit-text-stroke-width: 0px; white-space: normal;\">If so, just pray this prayer\u2026<\/h3>\n<p style=\"box-sizing: border-box; margin: 0px; padding: 0px; border: 0px; outline: 0px; font-size: 14px; text-size-adjust: 100%; vertical-align: baseline; background: #ffffff; color: #666666; font-family: Montserrat, Helvetica, Arial, Lucida, sans-serif; font-style: normal; font-variant-ligatures: normal; font-variant-caps: normal; font-weight: 500; letter-spacing: normal; orphans: 2; text-align: left; text-indent: 0px; text-transform: none; widows: 2; word-spacing: 0px; -webkit-text-stroke-width: 0px; white-space: normal; text-decoration-thickness: initial; text-decoration-style: initial; text-decoration-color: initial;\">Lord, I believe in my heart that Jesus is your Son and that He died on the cross for me. Jesus, I repent of my sins and ask for you to come into my heart and be my Lord and Savior. Thank you for forgiving me and giving me eternal life. In Jesus name, Amen.<\/p>\n<p>[\/et_pb_text][et_pb_toggle title=&#8221;ESPA\u00d1OL&#8221; _builder_version=&#8221;4.27.4&#8243; _module_preset=&#8221;default&#8221; global_colors_info=&#8221;{}&#8221;]<\/p>\n<h3 style=\"box-sizing: border-box; margin: 0px; padding: 0px 0px 10px; border: 0px; outline: 0px; font-size: 22px; text-size-adjust: 100%; vertical-align: baseline; background: #ffffff; color: #333333; line-height: 1em; font-weight: bold; font-style: normal; text-transform: none; text-decoration: none; font-family: Montserrat, Helvetica, Arial, Lucida, sans-serif; font-variant-ligatures: normal; font-variant-caps: normal; letter-spacing: normal; orphans: 2; text-align: start; text-indent: 0px; widows: 2; word-spacing: 0px; -webkit-text-stroke-width: 0px; white-space: normal;\">\u00bfHa invitado a Jes\u00fas en su coraz\u00f3n?<br style=\"box-sizing: border-box;\" \/>Si no lo ha hecho todav\u00eda, \u00bfest\u00e1 listo para hacerlo hoy?\u200b<\/h3>\n<p style=\"box-sizing: border-box; margin: 0px; padding: 0px 0px 1em; border: 0px; outline: 0px; font-size: 14px; text-size-adjust: 100%; vertical-align: baseline; background: #ffffff; color: #666666; font-family: Montserrat, Helvetica, Arial, Lucida, sans-serif; font-style: normal; font-variant-ligatures: normal; font-variant-caps: normal; font-weight: 500; letter-spacing: normal; orphans: 2; text-align: start; text-indent: 0px; text-transform: none; widows: 2; word-spacing: 0px; -webkit-text-stroke-width: 0px; white-space: normal; text-decoration-thickness: initial; text-decoration-style: initial; text-decoration-color: initial;\"><strong style=\"box-sizing: border-box; margin: 0px; padding: 0px; border: 0px; outline: 0px; font-size: 14px; text-size-adjust: 100%; vertical-align: baseline; background: transparent; font-weight: bold;\">Entonces, por favor repita esta oraci\u00f3n:<\/strong><\/p>\n<p style=\"box-sizing: border-box; margin: 0px; padding: 0px; border: 0px; outline: 0px; font-size: 14px; text-size-adjust: 100%; vertical-align: baseline; background: #ffffff; color: #666666; font-family: Montserrat, Helvetica, Arial, Lucida, sans-serif; font-style: normal; font-variant-ligatures: normal; font-variant-caps: normal; font-weight: 500; letter-spacing: normal; orphans: 2; text-align: start; text-indent: 0px; text-transform: none; widows: 2; word-spacing: 0px; -webkit-text-stroke-width: 0px; white-space: normal; text-decoration-thickness: initial; text-decoration-style: initial; text-decoration-color: initial;\">Se\u00f1or, creo en mi coraz\u00f3n que Jes\u00fas es Tu Hijo y que El muri\u00f3 en la cruz por m\u00ed. Jes\u00fas, me arrepiento de mis pecados y te pido que entres a mi coraz\u00f3n y seas mi Salvador y Se\u00f1or. Gracias por perdonarme y darme vida eterna. En el nombre de Jes\u00fas. Am\u00e9n.<\/p>\n<p>[\/et_pb_toggle][et_pb_toggle title=&#8221;N G \u1ee2 I K H E N C H \u00da A ! B\u00e2y gi\u1edd b\u1ea1n l\u00e0 m\u1ed9t ph\u1ea7n c\u1ee7a gia \u0111\u00ecnh \u0110\u1ee9c Ch\u00faa Tr\u1eddi!&#8221; _builder_version=&#8221;4.27.4&#8243; _module_preset=&#8221;default&#8221; global_colors_info=&#8221;{}&#8221;]<\/p>\n<p><span style=\"color: #666666; font-family: Montserrat, Helvetica, Arial, Lucida, sans-serif; font-size: 14px; font-style: normal; font-variant-ligatures: normal; font-variant-caps: normal; font-weight: 500; letter-spacing: normal; orphans: 2; text-align: start; text-indent: 0px; text-transform: none; widows: 2; word-spacing: 0px; -webkit-text-stroke-width: 0px; white-space: normal; background-color: #ffffff; text-decoration-thickness: initial; text-decoration-style: initial; text-decoration-color: initial; display: inline !important; float: none;\">Ch\u00fang t\u00f4i mu\u1ed1n t\u1eb7ng b\u1ea1n quy\u1ec3n s\u00e1ch \u0111i\u1ec7n t\u1eed n\u00e0y v\u1edbi t\u1ef1a \u201c\u0110I\u1ec0U CH\u00daA GI\u00ca-SU TH\u1ef0C S\u1ef0 \u0110\u00c3 L\u00c0M CHO B\u1ea0N T\u1ea0I \u0110\u1ed2I S\u1ecc\u201d vi\u1ebft b\u1edfi M\u1ee5c S\u01b0 Randy, l\u00e0 ng\u01b0\u1eddi c\u1ea7u nguy\u1ec7n r\u1eb1ng \u0110\u1ee9c Ch\u00faa Tr\u1eddi s\u1ebd gi\u00fap b\u1ea1n th\u1ea5y v\u00e0 hi\u1ec3u \u0111\u01b0\u1ee3c t\u1ea7m quan tr\u1ecdng v\u1ec1 s\u1ef1 hy sinh c\u1ee7a \u0110\u1ee9c Ch\u00faa Gi\u00ea-su v\u00e0 \u0111\u1eb7c \u0111\u1ec3 trong b\u1ea1n l\u00f2ng khao kh\u00e1t \u0111\u1ec3 ti\u1ebfp nh\u1eadn v\u00e0o cu\u1ed9c \u0111\u1eddi m\u00ecnh t\u1ea5t c\u1ea3 nh\u1eefng g\u00ec Ch\u00faa Gi\u00easu hy sinh \u0111\u1ec3 cung \u1ee9ng cho b\u1ea1n.<\/span><\/p>\n<p>[\/et_pb_toggle][\/et_pb_column][et_pb_column type=&#8221;1_2&#8243; _builder_version=&#8221;4.27.4&#8243; _module_preset=&#8221;default&#8221; global_colors_info=&#8221;{}&#8221;][et_pb_icon font_icon=&#8221;&#xf684;||fa||900&#8243; _builder_version=&#8221;4.27.4&#8243; _module_preset=&#8221;default&#8221; global_colors_info=&#8221;{}&#8221;][\/et_pb_icon][et_pb_text _builder_version=&#8221;4.27.4&#8243; _module_preset=&#8221;default&#8221; hover_enabled=&#8221;0&#8243; global_colors_info=&#8221;{}&#8221; sticky_enabled=&#8221;0&#8243;]<\/p>\n<h4 class=\"et_pb_module_header\" style=\"box-sizing: border-box; margin: 0px; padding: 0px 0px 10px; border: 0px; outline: 0px; font-size: 18px; text-size-adjust: 100%; vertical-align: baseline; background: #ffffff; color: #333333; line-height: 1em; font-weight: bold; font-style: normal; text-transform: none; text-decoration: none; font-family: Montserrat, Helvetica, Arial, Lucida, sans-serif; font-variant-ligatures: normal; font-variant-caps: normal; letter-spacing: normal; orphans: 2; text-align: left; text-indent: 0px; widows: 2; word-spacing: 0px; -webkit-text-stroke-width: 0px; white-space: normal;\"><span style=\"box-sizing: border-box; margin: 0px; padding: 0px; border: 0px; outline: 0px; font-size: 18px; text-size-adjust: 100%; vertical-align: baseline; background: transparent;\">If you prayed the Salvation Prayer today &#8211;<\/span><\/h4>\n<div class=\"et_pb_blurb_description\" style=\"box-sizing: border-box; margin: 0px; padding: 0px; border: 0px; outline: 0px; font-size: 14px; text-size-adjust: 100%; vertical-align: baseline; background: #ffffff; color: #666666; font-family: Montserrat, Helvetica, Arial, Lucida, sans-serif; font-style: normal; font-variant-ligatures: normal; font-variant-caps: normal; font-weight: 500; letter-spacing: normal; orphans: 2; text-align: left; text-indent: 0px; text-transform: none; widows: 2; word-spacing: 0px; -webkit-text-stroke-width: 0px; white-space: normal; text-decoration-thickness: initial; text-decoration-style: initial; text-decoration-color: initial;\">\n<p style=\"box-sizing: border-box; margin: 0px; padding: 0px 0px 1em; border: 0px; outline: 0px; font-size: 14px; text-size-adjust: 100%; vertical-align: baseline; background: transparent;\">We have a free gift for you. Feel free to download our free e-book to learn more about your new relationship with God.<\/p>\n<p style=\"box-sizing: border-box; margin: 0px; padding: 0px 0px 1em; border: 0px; outline: 0px; font-size: 14px; text-size-adjust: 100%; vertical-align: baseline; background: transparent;\">Simply fill out our form below and you will be taken to the FREE download!<\/p>\n<p style=\"box-sizing: border-box; margin: 0px; padding: 0px; border: 0px; outline: 0px; font-size: 14px; text-size-adjust: 100%; vertical-align: baseline; background: transparent;\">Welcome to the family of God!<\/p>\n<\/div>\n<p>[\/et_pb_text][et_pb_code _builder_version=&#8221;4.27.4&#8243; _module_preset=&#8221;default&#8221; hover_enabled=&#8221;0&#8243; sticky_enabled=&#8221;0&#8243;]<iframe loading=\"lazy\" width=\"700\" height=\"700\" src=\"https:\/\/form.jotform.com\/210088937276161\" frameborder=\"0\" allowfullscreen><\/iframe>[\/et_pb_code][\/et_pb_column][\/et_pb_row][\/et_pb_section][et_pb_section fb_built=&#8221;1&#8243; _builder_version=&#8221;4.27.4&#8243; _module_preset=&#8221;default&#8221; background_color=&#8221;gcid-86da69f8-ce43-4c42-8395-4abd58818e72&#8243; global_colors_info=&#8221;{%22gcid-86da69f8-ce43-4c42-8395-4abd58818e72%22:%91%22background_color%22%93}&#8221;][et_pb_row column_structure=&#8221;1_3,1_3,1_3&#8243; _builder_version=&#8221;4.27.4&#8243; _module_preset=&#8221;default&#8221; global_colors_info=&#8221;{}&#8221;][et_pb_column type=&#8221;1_3&#8243; _builder_version=&#8221;4.27.4&#8243; _module_preset=&#8221;default&#8221; global_colors_info=&#8221;{}&#8221;][et_pb_cta title=&#8221;ENGLISH&#8221; button_url=&#8221;https:\/\/gifted-swartz.44-199-48-99.plesk.page\/wp-content\/uploads\/2025\/03\/What-Jesus-Did-Final_rev0912_PRESS.pdf&#8221; url_new_window=&#8221;on&#8221; button_text=&#8221;DOWNLOAD FREE GIFT&#8221; _builder_version=&#8221;4.27.4&#8243; _module_preset=&#8221;default&#8221; header_font=&#8221;|800|||||||&#8221; header_text_align=&#8221;left&#8221; header_text_color=&#8221;#000000&#8243; background_enable_color=&#8221;off&#8221; custom_button=&#8221;on&#8221; button_text_size=&#8221;16px&#8221; button_text_color=&#8221;gcid-86da69f8-ce43-4c42-8395-4abd58818e72&#8243; button_bg_color=&#8221;gcid-primary-color&#8221; button_border_radius=&#8221;20px&#8221; max_width=&#8221;100%&#8221; global_colors_info=&#8221;{%22gcid-86da69f8-ce43-4c42-8395-4abd58818e72%22:%91%22button_text_color%22%93,%22gcid-primary-color%22:%91%22button_bg_color%22%93}&#8221;]<\/p>\n<p style=\"box-sizing: border-box; margin: 0px; padding: 0px 0px 1em; border: 0px; outline: 0px; font-size: 14px; text-size-adjust: 100%; vertical-align: baseline; background: #eff4f4; color: #666666; font-family: Montserrat, Helvetica, Arial, Lucida, sans-serif; font-style: normal; font-variant-ligatures: normal; font-variant-caps: normal; font-weight: 500; letter-spacing: normal; orphans: 2; text-align: left; text-indent: 0px; text-transform: none; widows: 2; word-spacing: 0px; -webkit-text-stroke-width: 0px; white-space: normal; text-decoration-thickness: initial; text-decoration-style: initial; text-decoration-color: initial;\">P R A I S E\u00a0 T H E\u00a0 L O R D !<\/p>\n<p style=\"box-sizing: border-box; margin: 0px; padding: 0px 0px 1em; border: 0px; outline: 0px; font-size: 14px; text-size-adjust: 100%; vertical-align: baseline; background: #eff4f4; color: #666666; font-family: Montserrat, Helvetica, Arial, Lucida, sans-serif; font-style: normal; font-variant-ligatures: normal; font-variant-caps: normal; font-weight: 500; letter-spacing: normal; orphans: 2; text-align: left; text-indent: 0px; text-transform: none; widows: 2; word-spacing: 0px; -webkit-text-stroke-width: 0px; white-space: normal; text-decoration-thickness: initial; text-decoration-style: initial; text-decoration-color: initial;\">You are now part of God\u2019s family!<\/p>\n<p style=\"box-sizing: border-box; margin: 0px; padding: 0px; border: 0px; outline: 0px; font-size: 14px; text-size-adjust: 100%; vertical-align: baseline; background: #eff4f4; color: #666666; font-family: Montserrat, Helvetica, Arial, Lucida, sans-serif; font-style: normal; font-variant-ligatures: normal; font-variant-caps: normal; font-weight: 500; letter-spacing: normal; orphans: 2; text-align: left; text-indent: 0px; text-transform: none; widows: 2; word-spacing: 0px; -webkit-text-stroke-width: 0px; white-space: normal; text-decoration-thickness: initial; text-decoration-style: initial; text-decoration-color: initial;\">We rejoice with you!<\/p>\n<p>[\/et_pb_cta][\/et_pb_column][et_pb_column type=&#8221;1_3&#8243; _builder_version=&#8221;4.27.4&#8243; _module_preset=&#8221;default&#8221; global_colors_info=&#8221;{}&#8221;][et_pb_cta title=&#8221;ESPA\u00d1OL&#8221; button_url=&#8221;https:\/\/gifted-swartz.44-199-48-99.plesk.page\/wp-content\/uploads\/2025\/03\/Lo-que-Jesus-hizo-por-nosotros.pdf&#8221; url_new_window=&#8221;on&#8221; button_text=&#8221;Descarga tu regalo&#8221; _builder_version=&#8221;4.27.4&#8243; _module_preset=&#8221;default&#8221; header_font=&#8221;|800|||||||&#8221; header_text_align=&#8221;left&#8221; header_text_color=&#8221;#000000&#8243; background_enable_color=&#8221;off&#8221; custom_button=&#8221;on&#8221; button_text_size=&#8221;16px&#8221; button_text_color=&#8221;gcid-86da69f8-ce43-4c42-8395-4abd58818e72&#8243; button_bg_color=&#8221;gcid-primary-color&#8221; button_border_radius=&#8221;20px&#8221; max_width=&#8221;100%&#8221; global_colors_info=&#8221;{%22gcid-86da69f8-ce43-4c42-8395-4abd58818e72%22:%91%22button_text_color%22%93,%22gcid-primary-color%22:%91%22button_bg_color%22%93}&#8221;]<\/p>\n<p style=\"box-sizing: border-box; margin: 0px; padding: 0px 0px 1em; border: 0px; outline: 0px; font-size: 14px; text-size-adjust: 100%; vertical-align: baseline; background: #eff4f4; color: #666666; font-family: Montserrat, Helvetica, Arial, Lucida, sans-serif; font-style: normal; font-variant-ligatures: normal; font-variant-caps: normal; font-weight: 500; letter-spacing: normal; orphans: 2; text-align: left; text-indent: 0px; text-transform: none; widows: 2; word-spacing: 0px; -webkit-text-stroke-width: 0px; white-space: normal; text-decoration-thickness: initial; text-decoration-style: initial; text-decoration-color: initial;\">\u00a1GLORIA A DIOS!<\/p>\n<p style=\"box-sizing: border-box; margin: 0px; padding: 0px 0px 1em; border: 0px; outline: 0px; font-size: 14px; text-size-adjust: 100%; vertical-align: baseline; background: #eff4f4; color: #666666; font-family: Montserrat, Helvetica, Arial, Lucida, sans-serif; font-style: normal; font-variant-ligatures: normal; font-variant-caps: normal; font-weight: 500; letter-spacing: normal; orphans: 2; text-align: left; text-indent: 0px; text-transform: none; widows: 2; word-spacing: 0px; -webkit-text-stroke-width: 0px; white-space: normal; text-decoration-thickness: initial; text-decoration-style: initial; text-decoration-color: initial;\">\u00a1Ahora es parte de la familia de Dios!<\/p>\n<p style=\"box-sizing: border-box; margin: 0px; padding: 0px; border: 0px; outline: 0px; font-size: 14px; text-size-adjust: 100%; vertical-align: baseline; background: #eff4f4; color: #666666; font-family: Montserrat, Helvetica, Arial, Lucida, sans-serif; font-style: normal; font-variant-ligatures: normal; font-variant-caps: normal; font-weight: 500; letter-spacing: normal; orphans: 2; text-align: left; text-indent: 0px; text-transform: none; widows: 2; word-spacing: 0px; -webkit-text-stroke-width: 0px; white-space: normal; text-decoration-thickness: initial; text-decoration-style: initial; text-decoration-color: initial;\">\u00a1Nos gozamos con usted!<\/p>\n<p>[\/et_pb_cta][\/et_pb_column][et_pb_column type=&#8221;1_3&#8243; _builder_version=&#8221;4.27.4&#8243; _module_preset=&#8221;default&#8221; global_colors_info=&#8221;{}&#8221;][et_pb_cta title=&#8221;TI\u1ebeNG VI\u1ec6T&#8221; button_url=&#8221;https:\/\/gifted-swartz.44-199-48-99.plesk.page\/wp-content\/uploads\/2025\/03\/SACH-CHUA-JESUS.pdf&#8221; url_new_window=&#8221;on&#8221; button_text=&#8221;T\u1ea3i xu\u1ed1ng quy\u1ec3n s\u00e1ch \u0111i\u1ec7n t\u1eed c\u1ee7a b\u1ea1n ngay b\u00e2y gi\u1edd&#8221; _builder_version=&#8221;4.27.4&#8243; _module_preset=&#8221;default&#8221; header_font=&#8221;|800|||||||&#8221; header_text_align=&#8221;left&#8221; header_text_color=&#8221;#000000&#8243; background_enable_color=&#8221;off&#8221; custom_button=&#8221;on&#8221; button_text_size=&#8221;16px&#8221; button_text_color=&#8221;gcid-86da69f8-ce43-4c42-8395-4abd58818e72&#8243; button_bg_color=&#8221;gcid-primary-color&#8221; button_border_radius=&#8221;20px&#8221; max_width=&#8221;100%&#8221; global_colors_info=&#8221;{%22gcid-86da69f8-ce43-4c42-8395-4abd58818e72%22:%91%22button_text_color%22%93,%22gcid-primary-color%22:%91%22button_bg_color%22%93}&#8221; button_text_color__hover_enabled=&#8221;on|desktop&#8221; button_text_size__hover_enabled=&#8221;on|hover&#8221; button_text_color__hover=&#8221;#f4f4f4&#8243; button_text_size__hover=&#8221;16px&#8221;]<\/p>\n<p style=\"box-sizing: border-box; margin: 0px; padding: 0px 0px 1em; border: 0px; outline: 0px; font-size: 14px; text-size-adjust: 100%; vertical-align: baseline; background: #eff4f4; color: #666666; font-family: Montserrat, Helvetica, Arial, Lucida, sans-serif; font-style: normal; font-variant-ligatures: normal; font-variant-caps: normal; font-weight: 500; letter-spacing: normal; orphans: 2; text-align: left; text-indent: 0px; text-transform: none; widows: 2; word-spacing: 0px; -webkit-text-stroke-width: 0px; white-space: normal; text-decoration-thickness: initial; text-decoration-style: initial; text-decoration-color: initial;\">N G \u1ee2 I K H E N C H \u00da A !<\/p>\n<p style=\"box-sizing: border-box; margin: 0px; padding: 0px 0px 1em; border: 0px; outline: 0px; font-size: 14px; text-size-adjust: 100%; vertical-align: baseline; background: #eff4f4; color: #666666; font-family: Montserrat, Helvetica, Arial, Lucida, sans-serif; font-style: normal; font-variant-ligatures: normal; font-variant-caps: normal; font-weight: 500; letter-spacing: normal; orphans: 2; text-align: left; text-indent: 0px; text-transform: none; widows: 2; word-spacing: 0px; -webkit-text-stroke-width: 0px; white-space: normal; text-decoration-thickness: initial; text-decoration-style: initial; text-decoration-color: initial;\">B\u00e2y gi\u1edd b\u1ea1n l\u00e0 m\u1ed9t ph\u1ea7n c\u1ee7a gia \u0111\u00ecnh \u0110\u1ee9c Ch\u00faa Tr\u1eddi!<\/p>\n<p style=\"box-sizing: border-box; margin: 0px; padding: 0px; border: 0px; outline: 0px; font-size: 14px; text-size-adjust: 100%; vertical-align: baseline; background: #eff4f4; color: #666666; font-family: Montserrat, Helvetica, Arial, Lucida, sans-serif; font-style: normal; font-variant-ligatures: normal; font-variant-caps: normal; font-weight: 500; letter-spacing: normal; orphans: 2; text-align: left; text-indent: 0px; text-transform: none; widows: 2; word-spacing: 0px; -webkit-text-stroke-width: 0px; white-space: normal; text-decoration-thickness: initial; text-decoration-style: initial; text-decoration-color: initial;\">Ch\u00fang t\u00f4i vui m\u1eebng c\u00f9ng b\u1ea1n!<\/p>\n<p>[\/et_pb_cta][\/et_pb_column][\/et_pb_row][\/et_pb_section]<\/p>\n","protected":false},"excerpt":{"rendered":"<p>Have you invited the Lord into your heart? If not, are you ready to do it today? If so, just pray this prayer\u2026 Lord, I believe in my heart that Jesus is your Son and that He died on the cross for me. Jesus, I repent of my sins and ask for you to come [&hellip;]<\/p>\n","protected":false},"author":2,"featured_media":0,"parent":0,"menu_order":0,"comment_status":"closed","ping_status":"closed","template":"","meta":{"_et_pb_use_builder":"on","_et_pb_old_content":"<!-- wp:divi\/placeholder \/-->","_et_gb_content_width":"","om_disable_all_campaigns":false,"_uf_show_specific_survey":0,"_uf_disable_surveys":false,"footnotes":""},"class_list":["post-99","page","type-page","status-publish","hentry"],"_links":{"self":[{"href":"https:\/\/contact.tv\/index.php\/wp-json\/wp\/v2\/pages\/99","targetHints":{"allow":["GET"]}}],"collection":[{"href":"https:\/\/contact.tv\/index.php\/wp-json\/wp\/v2\/pages"}],"about":[{"href":"https:\/\/contact.tv\/index.php\/wp-json\/wp\/v2\/types\/page"}],"author":[{"embeddable":true,"href":"https:\/\/contact.tv\/index.php\/wp-json\/wp\/v2\/users\/2"}],"replies":[{"embeddable":true,"href":"https:\/\/contact.tv\/index.php\/wp-json\/wp\/v2\/comments?post=99"}],"version-history":[{"count":5,"href":"https:\/\/contact.tv\/index.php\/wp-json\/wp\/v2\/pages\/99\/revisions"}],"predecessor-version":[{"id":18277,"href":"https:\/\/contact.tv\/index.php\/wp-json\/wp\/v2\/pages\/99\/revisions\/18277"}],"wp:attachment":[{"href":"https:\/\/contact.tv\/index.php\/wp-json\/wp\/v2\/media?parent=99"}],"curies":[{"name":"wp","href":"https:\/\/api.w.org\/{rel}","templated":true}]}}